{"id":1790,"date":"2017-10-17T15:15:46","date_gmt":"2017-10-17T15:15:46","guid":{"rendered":"http:\/\/www.upp.edu.mx\/serviciosescolares\/?page_id=1790"},"modified":"2026-02-23T18:55:39","modified_gmt":"2026-02-23T18:55:39","slug":"tramite-de-equivalencia-de-estudios","status":"publish","type":"page","link":"https:\/\/serviciosescolares.upp.edu.mx\/?page_id=1790","title":{"rendered":"Tr\u00e1mite de equivalencia de estudios"},"content":{"rendered":"\n<p><strong>Para solicitar el tr\u00e1mite de equivalencia de estudios deber\u00e1s realizar las siguientes actividades en las fechas establecidas, es indispensable enviar por correo electr\u00f3nico, y posteriormente entregar de forma presencial los requisitos completos, ya que la falta de alguno de \u00e9stos impedir\u00e1 realizar el tr\u00e1mite.<\/strong><\/p>\n\n\n\n<figure class=\"wp-block-image size-full\"><a href=\"https:\/\/serviciosescolares.upp.edu.mx\/wp-content\/uploads\/2025\/08\/image.png\"><img loading=\"lazy\" decoding=\"async\" width=\"941\" height=\"318\" src=\"https:\/\/serviciosescolares.upp.edu.mx\/wp-content\/uploads\/2025\/08\/image.png\" alt=\"\" class=\"wp-image-6004\" srcset=\"https:\/\/serviciosescolares.upp.edu.mx\/wp-content\/uploads\/2025\/08\/image.png 941w, https:\/\/serviciosescolares.upp.edu.mx\/wp-content\/uploads\/2025\/08\/image-300x101.png 300w, https:\/\/serviciosescolares.upp.edu.mx\/wp-content\/uploads\/2025\/08\/image-768x260.png 768w\" sizes=\"auto, (max-width: 709px) 85vw, (max-width: 909px) 67vw, (max-width: 1362px) 62vw, 840px\" \/><\/a><\/figure>\n\n\n\n<p><strong>Actividades:<\/strong><\/p>\n\n\n\n<ol style=\"list-style-type:1\" class=\"wp-block-list\">\n<li><strong>Realizar pre-registro<\/strong> ingresando a la siguiente liga <a href=\"https:\/\/sii.upp.edu.mx\/vista\/aspirantes\/vPreRegistro.php\">PRE-REGISTRO<\/a>.<a href=\"https:\/\/sii.upp.edu.mx\/newsii\/index.cfm\/aspirantes\/preregistro?ref=lc%20\"><\/a> Validar desde su correo electr\u00f3nico el n\u00famero de pre-registro y descargar ficha en formato PDF. *<em>Antes de enviar tus datos verifica que sean correctos, en especial tu correo, nombre completo y carrera.<\/em><\/li>\n\n\n\n<li><strong>Realizar el <a rel=\"noreferrer noopener\" href=\"https:\/\/sii.upp.edu.mx\/vista\/aspirantes\/vPagosAspirantes.php\" target=\"_blank\">PAGO POR TRAMITE DE EQUIVALENCIA DE ESTUDIOS <\/a>dentro de las fechas establecidas. El pago se podr\u00e1 realizar <\/strong><em><strong>en l\u00ednea a trav\u00e9s del Sistema Integral de Informaci\u00f3n de la Universidad, o bien de manera presencial en cualquier sucursal del Banco BANORTE.<\/strong>&nbsp;<\/em><\/li>\n<\/ol>\n\n\n\n<p>Con base en el tabulador de las cuotas y tarifas vigentes, mismas que fueron publicadas en el Peri\u00f3dico Oficial del Estado de Hidalgo y autorizadas para la Universidad Polit\u00e9cnica de Pachuca, la cuota por concepto de tr\u00e1mite de equivalencia de estudios, es la siguiente: <\/p>\n\n\n\n<p>2.98 U MA equivalente a $350.00 (trescientos cincuenta pesos 00\/100 M.N.)<\/p>\n\n\n\n<p>Para tener una mayor referencia del valor de la Unidad de Medida y Actualizaci\u00f3n (UMA) vigente consulta esta liga:<\/p>\n\n\n\n<p><a href=\"https:\/\/www.dof.gob.mx\/nota_detalle.php?codigo=5714085&amp;fecha=10\/01\/2024#gsc.tab=0\">https:\/\/www.dof.gob.mx\/nota_detalle.php?codigo=5714085&amp;fecha=10\/01\/2024#gsc.tab=0<\/a><\/p>\n\n\n\n<p class=\"has-text-align-left\">3. <strong>ENVIAR a <\/strong>la cuenta de correo electr\u00f3nico <a rel=\"noreferrer noopener\" href=\"mailto:equivalencia@upp.edu.mx\" target=\"_blank\">equivalencia@upp.edu.mx<\/a><strong> los requisitos completos, <\/strong>escaneados de manera correcta, claros y visibles en su totalidad por ambos lados en caso de contener informaci\u00f3n en la parte de atr\u00e1s.<\/p>\n\n\n\n<figure class=\"wp-block-image size-full\"><a href=\"https:\/\/www.upp.edu.mx\/serviciosescolares\/wp-content\/uploads\/2023\/08\/requisitos-equiv-2.png\"><img loading=\"lazy\" decoding=\"async\" width=\"897\" height=\"521\" src=\"https:\/\/www.upp.edu.mx\/serviciosescolares\/wp-content\/uploads\/2023\/08\/requisitos-equiv-2.png\" alt=\"\" class=\"wp-image-5178\" srcset=\"https:\/\/serviciosescolares.upp.edu.mx\/wp-content\/uploads\/2023\/08\/requisitos-equiv-2.png 897w, https:\/\/serviciosescolares.upp.edu.mx\/wp-content\/uploads\/2023\/08\/requisitos-equiv-2-300x174.png 300w, https:\/\/serviciosescolares.upp.edu.mx\/wp-content\/uploads\/2023\/08\/requisitos-equiv-2-768x446.png 768w\" sizes=\"auto, (max-width: 709px) 85vw, (max-width: 909px) 67vw, (max-width: 1362px) 62vw, 840px\" \/><\/a><\/figure>\n\n\n\n<p>Descarga aqu\u00ed el<a href=\"https:\/\/serviciosescolares.upp.edu.mx\/wp-content\/uploads\/2024\/03\/F-PL_RE_01-Formato-Solicitud-de-Equivalencia-010324.pdf\" target=\"_blank\" rel=\"noreferrer noopener\"> FORMATO DE SOLICITUD DE EQUIVALENCIA <\/a><\/p>\n\n\n\n<p>4. <strong>Entrega presencial de requisitos originales en el Departamento de Servicios Escolares<\/strong> en las instalaciones de la UPP, para la entrega de requisitos <strong>se te notificar\u00e1 por correo electr\u00f3nico la<\/strong> fecha en la que deber\u00e1s acudir (despu\u00e9s de revisar los archivos digitales).<\/p>\n\n\n\n<p class=\"has-text-align-center\"><em>El ingreso estar\u00e1 sujeto a la disponibilidad de espacios en cada programa educativo.<\/em><\/p>\n\n\n\n<p class=\"has-text-align-center\"><em>Para aspirantes de Universidades Polit\u00e9cnicas, el tr\u00e1mite proceder\u00e1 cuando el n\u00famero de cr\u00e9ditos de las asignaturas equivalentes (cuyo contenido sea semejante con las del plan de estudios vigente en la UPP) represente al menos el 10% de los cr\u00e9ditos totales.<\/em><\/p>\n\n\n\n<p class=\"has-text-align-center\"><em>Para aspirantes de alguna otra universidad del sistema educativo nacional, el tr\u00e1mite proceder\u00e1 cuando el n\u00famero de cr\u00e9ditos de las asignaturas equivalentes (cuyo contenido sea semejante con las del plan de estudios vigente en la UPP) represente al menos el 20% de los cr\u00e9ditos del plan de estudios vigente y se limitar\u00e1 a un m\u00e1ximo del 40% de los cr\u00e9ditos.<\/em><\/p>\n\n\n\n<p class=\"has-text-align-right\">Para d<em>udas o aclaraciones ponemos a su disposici\u00f3n el n\u00famero telef\u00f3nico: <\/em><\/p>\n\n\n\n<p class=\"has-text-align-right\"><em>771 547 7510 ext. 2244<\/em><\/p>\n\n\n\n<p class=\"has-text-align-right\">o al correo electr\u00f3nico:<\/p>\n\n\n\n<p class=\"has-text-align-right\"> <a href=\"mailto:equivalencia@upp.edu.mx\" target=\"_blank\" rel=\"noreferrer noopener\">equivalencia@upp.edu.mx<\/a><\/p>\n","protected":false},"excerpt":{"rendered":"<p>Para solicitar el tr\u00e1mite de equivalencia de estudios deber\u00e1s realizar las siguientes actividades en las fechas establecidas, es indispensable enviar por correo electr\u00f3nico, y posteriormente entregar de forma presencial los requisitos completos, ya que la falta de alguno de \u00e9stos impedir\u00e1 realizar el tr\u00e1mite. Actividades: Con base en el tabulador de las cuotas y tarifas &hellip; <a href=\"https:\/\/serviciosescolares.upp.edu.mx\/?page_id=1790\" class=\"more-link\">Continuar leyendo<span class=\"screen-reader-text\"> \u00abTr\u00e1mite de equivalencia de estudios\u00bb<\/span><\/a><\/p>\n","protected":false},"author":2,"featured_media":0,"parent":0,"menu_order":0,"comment_status":"closed","ping_status":"closed","template":"","meta":{"footnotes":""},"class_list":["post-1790","page","type-page","status-publish","hentry"],"_links":{"self":[{"href":"https:\/\/serviciosescolares.upp.edu.mx\/index.php?rest_route=\/wp\/v2\/pages\/1790","targetHints":{"allow":["GET"]}}],"collection":[{"href":"https:\/\/serviciosescolares.upp.edu.mx\/index.php?rest_route=\/wp\/v2\/pages"}],"about":[{"href":"https:\/\/serviciosescolares.upp.edu.mx\/index.php?rest_route=\/wp\/v2\/types\/page"}],"author":[{"embeddable":true,"href":"https:\/\/serviciosescolares.upp.edu.mx\/index.php?rest_route=\/wp\/v2\/users\/2"}],"replies":[{"embeddable":true,"href":"https:\/\/serviciosescolares.upp.edu.mx\/index.php?rest_route=%2Fwp%2Fv2%2Fcomments&post=1790"}],"version-history":[{"count":48,"href":"https:\/\/serviciosescolares.upp.edu.mx\/index.php?rest_route=\/wp\/v2\/pages\/1790\/revisions"}],"predecessor-version":[{"id":6006,"href":"https:\/\/serviciosescolares.upp.edu.mx\/index.php?rest_route=\/wp\/v2\/pages\/1790\/revisions\/6006"}],"wp:attachment":[{"href":"https:\/\/serviciosescolares.upp.edu.mx\/index.php?rest_route=%2Fwp%2Fv2%2Fmedia&parent=1790"}],"curies":[{"name":"wp","href":"https:\/\/api.w.org\/{rel}","templated":true}]}}